{"id":19628,"date":"2026-01-18T17:58:54","date_gmt":"2026-01-18T17:58:54","guid":{"rendered":"https:\/\/skullptoys.com\/?post_type=product&#038;p=19628"},"modified":"2026-03-03T16:14:11","modified_gmt":"2026-03-03T22:14:11","slug":"s-h-figuarts-miles-g-morales-spider-man-across-the-spider-verse","status":"publish","type":"product","link":"https:\/\/skullptoys.com\/es\/tienda\/s-h-figuarts-miles-g-morales-spider-man-across-the-spider-verse\/","title":{"rendered":"S.H. Figuarts Miles G.Morales (Spider-Man: Across the Spider-Verse)"},"content":{"rendered":"<p>Esta figura est\u00e1<br \/>\nesculpida y pintada con el mismo estilo que la original de &#8220;Across the<br \/>\nSpider-Verse&#8221;, utilizando las mismas t\u00e9cnicas desarrolladas por el equipo<br \/>\ncreativo de la pel\u00edcula, incluyendo colores ne\u00f3n y los caracter\u00edsticos<br \/>\nguanteletes en los brazos. Incluye dos piezas faciales de repuesto, \u00a1para<br \/>\nque puedas disfrutar de la figura con y sin la m\u00e1scara!<\/p>","protected":false},"excerpt":{"rendered":"<p>Miles G. Morales de &#8220;Spider-Man: Across the Spider-Verse&#8221; ya est\u00e1<br \/>\ndisponible como figura de acci\u00f3n en S.H.Figuarts.<\/p>","protected":false},"featured_media":19656,"template":"","meta":[],"product_brand":[],"product_cat":[15],"product_tag":[],"class_list":{"0":"post-19628","1":"product","2":"type-product","3":"status-publish","4":"has-post-thumbnail","6":"product_cat-sin-categoria","8":"first","9":"instock","10":"shipping-taxable","11":"purchasable","12":"product-type-simple"},"_links":{"self":[{"href":"https:\/\/skullptoys.com\/es\/wp-json\/wp\/v2\/product\/19628","targetHints":{"allow":["GET"]}}],"collection":[{"href":"https:\/\/skullptoys.com\/es\/wp-json\/wp\/v2\/product"}],"about":[{"href":"https:\/\/skullptoys.com\/es\/wp-json\/wp\/v2\/types\/product"}],"version-history":[{"count":1,"href":"https:\/\/skullptoys.com\/es\/wp-json\/wp\/v2\/product\/19628\/revisions"}],"predecessor-version":[{"id":19631,"href":"https:\/\/skullptoys.com\/es\/wp-json\/wp\/v2\/product\/19628\/revisions\/19631"}],"wp:featuredmedia":[{"embeddable":true,"href":"https:\/\/skullptoys.com\/es\/wp-json\/wp\/v2\/media\/19656"}],"wp:attachment":[{"href":"https:\/\/skullptoys.com\/es\/wp-json\/wp\/v2\/media?parent=19628"}],"wp:term":[{"taxonomy":"product_brand","embeddable":true,"href":"https:\/\/skullptoys.com\/es\/wp-json\/wp\/v2\/product_brand?post=19628"},{"taxonomy":"product_cat","embeddable":true,"href":"https:\/\/skullptoys.com\/es\/wp-json\/wp\/v2\/product_cat?post=19628"},{"taxonomy":"product_tag","embeddable":true,"href":"https:\/\/skullptoys.com\/es\/wp-json\/wp\/v2\/product_tag?post=19628"}],"curies":[{"name":"wp","href":"https:\/\/api.w.org\/{rel}","templated":true}]}}