{"id":20692,"date":"2026-03-03T21:17:18","date_gmt":"2026-03-04T03:17:18","guid":{"rendered":"https:\/\/skullptoys.com\/?post_type=product&#038;p=20692"},"modified":"2026-03-03T22:00:31","modified_gmt":"2026-03-04T04:00:31","slug":"bandai-hobby-re1-hgbf-1-144-gundam-amazing-exia","status":"publish","type":"product","link":"https:\/\/skullptoys.com\/es\/tienda\/bandai-hobby-re1-hgbf-1-144-gundam-amazing-exia\/","title":{"rendered":"Bandai Hobby        Re1 HGBF 1\/144 GUNDAM AMAZING EXIA"},"content":{"rendered":"<p>Desde el anime Gundam Build Fighters, llega el impresionante Gundam Amazing Exia en escala 1\/144 dentro de la l\u00ednea HGBF (High Grade Build Fighters) de Bandai, ahora en versi\u00f3n Reissue.<\/p>\n<p>Este modelo presenta una evoluci\u00f3n del cl\u00e1sico Gundam Exia, con un dise\u00f1o m\u00e1s estilizado y orientado al combate de alto rendimiento. Incorpora armamento adicional y detalles mejorados que realzan su apariencia moderna y agresiva.<\/p>\n<p>El kit ofrece excelente articulaci\u00f3n para recrear poses din\u00e1micas y escenas de batalla. Como parte de la l\u00ednea High Grade, no requiere pegamento y las piezas vienen moldeadas en color, incluyendo stickers para detalles adicionales.<\/p>\n<p>La versi\u00f3n Reissue permite a nuevos coleccionistas y modelistas adquirir este popular Mobile Suit nuevamente para su colecci\u00f3n.<\/p>","protected":false},"excerpt":{"rendered":"<p>Model kit HGBF 1\/144 Gundam Amazing Exia (Reissue) de Bandai Hobby, una versi\u00f3n personalizada y mejorada del Exia en Gundam Build Fighters.<\/p>","protected":false},"featured_media":20574,"template":"","meta":[],"product_brand":[131],"product_cat":[246,247],"product_tag":[251],"class_list":{"0":"post-20692","1":"product","2":"type-product","3":"status-publish","4":"has-post-thumbnail","6":"product_brand-bandai-hobby","7":"product_cat-gundam-build-fighters","8":"product_cat-hg","9":"product_tag-amazing-exia","11":"first","12":"instock","13":"featured","14":"shipping-taxable","15":"purchasable","16":"product-type-simple"},"_links":{"self":[{"href":"https:\/\/skullptoys.com\/es\/wp-json\/wp\/v2\/product\/20692","targetHints":{"allow":["GET"]}}],"collection":[{"href":"https:\/\/skullptoys.com\/es\/wp-json\/wp\/v2\/product"}],"about":[{"href":"https:\/\/skullptoys.com\/es\/wp-json\/wp\/v2\/types\/product"}],"version-history":[{"count":1,"href":"https:\/\/skullptoys.com\/es\/wp-json\/wp\/v2\/product\/20692\/revisions"}],"predecessor-version":[{"id":20722,"href":"https:\/\/skullptoys.com\/es\/wp-json\/wp\/v2\/product\/20692\/revisions\/20722"}],"wp:featuredmedia":[{"embeddable":true,"href":"https:\/\/skullptoys.com\/es\/wp-json\/wp\/v2\/media\/20574"}],"wp:attachment":[{"href":"https:\/\/skullptoys.com\/es\/wp-json\/wp\/v2\/media?parent=20692"}],"wp:term":[{"taxonomy":"product_brand","embeddable":true,"href":"https:\/\/skullptoys.com\/es\/wp-json\/wp\/v2\/product_brand?post=20692"},{"taxonomy":"product_cat","embeddable":true,"href":"https:\/\/skullptoys.com\/es\/wp-json\/wp\/v2\/product_cat?post=20692"},{"taxonomy":"product_tag","embeddable":true,"href":"https:\/\/skullptoys.com\/es\/wp-json\/wp\/v2\/product_tag?post=20692"}],"curies":[{"name":"wp","href":"https:\/\/api.w.org\/{rel}","templated":true}]}}