{"id":20698,"date":"2026-03-03T21:17:26","date_gmt":"2026-03-04T03:17:26","guid":{"rendered":"https:\/\/skullptoys.com\/?post_type=product&#038;p=20698"},"modified":"2026-03-03T21:18:07","modified_gmt":"2026-03-04T03:18:07","slug":"bandai-hobby-mg-1-100-zz-gundam-ver-ka","status":"publish","type":"product","link":"https:\/\/skullptoys.com\/es\/tienda\/bandai-hobby-mg-1-100-zz-gundam-ver-ka\/","title":{"rendered":"Bandai Hobby        MG 1\/100 ZZ GUNDAM Ver. Ka"},"content":{"rendered":"<p>Desde la ic\u00f3nica serie Mobile Suit Gundam ZZ, llega el poderoso ZZ Gundam en su espectacular versi\u00f3n Ver. Ka, dentro de la l\u00ednea Master Grade (MG) de Bandai.<\/p>\n<p>Esta edici\u00f3n presenta un redise\u00f1o supervisado por Hajime Katoki, con proporciones m\u00e1s estilizadas, panelado detallado y abundantes calcoman\u00edas estilo realista que elevan su apariencia a nivel de exhibici\u00f3n profesional.<\/p>\n<p>El kit incluye el sistema de transformaci\u00f3n completo para recrear sus tres formas:<\/p>\n<p>Core Top<\/p>\n<p>Core Base<\/p>\n<p>G-Fortress<\/p>\n<p>Mobile Suit Mode (ZZ Gundam)<\/p>\n<p>La estructura interna ofrece gran estabilidad pese a su tama\u00f1o y complejidad, con excelente articulaci\u00f3n para un modelo transformable. Incluye m\u00faltiples armas y accesorios, destacando el Hyper Mega Cannon, Beam Sabers y m\u00e1s.<\/p>\n<p>Ideal para modelistas con experiencia que buscan un proyecto avanzado y una pieza central para su colecci\u00f3n Gunpla.<\/p>","protected":false},"excerpt":{"rendered":"<p>Model kit MG 1\/100 ZZ Gundam Ver. Ka, con transformaci\u00f3n completa, dise\u00f1o redise\u00f1ado por Hajime Katoki y alto nivel de detalle.<\/p>","protected":false},"featured_media":20595,"template":"","meta":[],"product_brand":[131],"product_cat":[260,261],"product_tag":[262],"class_list":{"0":"post-20698","1":"product","2":"type-product","3":"status-publish","4":"has-post-thumbnail","6":"product_brand-bandai-hobby","7":"product_cat-gundam-zz","8":"product_cat-mg","9":"product_tag-zz-gundam","11":"first","12":"instock","13":"featured","14":"shipping-taxable","15":"purchasable","16":"product-type-simple"},"_links":{"self":[{"href":"https:\/\/skullptoys.com\/es\/wp-json\/wp\/v2\/product\/20698","targetHints":{"allow":["GET"]}}],"collection":[{"href":"https:\/\/skullptoys.com\/es\/wp-json\/wp\/v2\/product"}],"about":[{"href":"https:\/\/skullptoys.com\/es\/wp-json\/wp\/v2\/types\/product"}],"version-history":[{"count":1,"href":"https:\/\/skullptoys.com\/es\/wp-json\/wp\/v2\/product\/20698\/revisions"}],"predecessor-version":[{"id":20728,"href":"https:\/\/skullptoys.com\/es\/wp-json\/wp\/v2\/product\/20698\/revisions\/20728"}],"wp:featuredmedia":[{"embeddable":true,"href":"https:\/\/skullptoys.com\/es\/wp-json\/wp\/v2\/media\/20595"}],"wp:attachment":[{"href":"https:\/\/skullptoys.com\/es\/wp-json\/wp\/v2\/media?parent=20698"}],"wp:term":[{"taxonomy":"product_brand","embeddable":true,"href":"https:\/\/skullptoys.com\/es\/wp-json\/wp\/v2\/product_brand?post=20698"},{"taxonomy":"product_cat","embeddable":true,"href":"https:\/\/skullptoys.com\/es\/wp-json\/wp\/v2\/product_cat?post=20698"},{"taxonomy":"product_tag","embeddable":true,"href":"https:\/\/skullptoys.com\/es\/wp-json\/wp\/v2\/product_tag?post=20698"}],"curies":[{"name":"wp","href":"https:\/\/api.w.org\/{rel}","templated":true}]}}