{"id":20699,"date":"2026-03-03T21:17:31","date_gmt":"2026-03-04T03:17:31","guid":{"rendered":"https:\/\/skullptoys.com\/?post_type=product&#038;p=20699"},"modified":"2026-03-03T22:00:34","modified_gmt":"2026-03-04T04:00:34","slug":"bandai-hobby-1-144-hguc-juaggu-unicorn-ver","status":"publish","type":"product","link":"https:\/\/skullptoys.com\/es\/tienda\/bandai-hobby-1-144-hguc-juaggu-unicorn-ver\/","title":{"rendered":"Bandai Hobby        1\/144 HGUC JUAGGU UNICORN VER"},"content":{"rendered":"<p>Directamente de Mobile Suit Gundam Unicorn, el peculiar y poderoso Juaggu regresa en su versi\u00f3n Unicorn Ver. dentro de la l\u00ednea High Grade Universal Century (HGUC) de Bandai.<\/p>\n<p>Reconocido por su silueta robusta y su dise\u00f1o \u00fanico, este mobile suit anfibio destaca por sus caracter\u00edsticos brazos equipados con m\u00faltiples ca\u00f1ones integrados. La versi\u00f3n Unicorn presenta un esquema de color renovado, fiel a su aparici\u00f3n en la serie, aportando un aspecto m\u00e1s moderno sin perder su esencia cl\u00e1sica.<\/p>\n<p>Como parte de la l\u00ednea HGUC, el kit ofrece:<\/p>\n<p>Excelente separaci\u00f3n de piezas por color<\/p>\n<p>Buena articulaci\u00f3n para su estructura compacta<\/p>\n<p>Ensamblaje sencillo sin necesidad de pegamento<\/p>\n<p>Gran estabilidad para exhibici\u00f3n<\/p>\n<p>Es una excelente opci\u00f3n tanto para coleccionistas del Universal Century como para quienes buscan modelos distintos y llamativos dentro de la l\u00ednea HG.<\/p>","protected":false},"excerpt":{"rendered":"<p>Model kit MG 1\/100 ZZ Gundam Ver. Ka, con transformaci\u00f3n completa, dise\u00f1o redise\u00f1ado por Hajime Katoki y alto nivel de detalle.<\/p>","protected":false},"featured_media":20596,"template":"","meta":[],"product_brand":[131],"product_cat":[263],"product_tag":[264],"class_list":{"0":"post-20699","1":"product","2":"type-product","3":"status-publish","4":"has-post-thumbnail","6":"product_brand-bandai-hobby","7":"product_cat-mobile-suit","8":"product_tag-juaggu-unicorn","10":"first","11":"instock","12":"featured","13":"shipping-taxable","14":"purchasable","15":"product-type-simple"},"_links":{"self":[{"href":"https:\/\/skullptoys.com\/es\/wp-json\/wp\/v2\/product\/20699","targetHints":{"allow":["GET"]}}],"collection":[{"href":"https:\/\/skullptoys.com\/es\/wp-json\/wp\/v2\/product"}],"about":[{"href":"https:\/\/skullptoys.com\/es\/wp-json\/wp\/v2\/types\/product"}],"version-history":[{"count":1,"href":"https:\/\/skullptoys.com\/es\/wp-json\/wp\/v2\/product\/20699\/revisions"}],"predecessor-version":[{"id":20729,"href":"https:\/\/skullptoys.com\/es\/wp-json\/wp\/v2\/product\/20699\/revisions\/20729"}],"wp:featuredmedia":[{"embeddable":true,"href":"https:\/\/skullptoys.com\/es\/wp-json\/wp\/v2\/media\/20596"}],"wp:attachment":[{"href":"https:\/\/skullptoys.com\/es\/wp-json\/wp\/v2\/media?parent=20699"}],"wp:term":[{"taxonomy":"product_brand","embeddable":true,"href":"https:\/\/skullptoys.com\/es\/wp-json\/wp\/v2\/product_brand?post=20699"},{"taxonomy":"product_cat","embeddable":true,"href":"https:\/\/skullptoys.com\/es\/wp-json\/wp\/v2\/product_cat?post=20699"},{"taxonomy":"product_tag","embeddable":true,"href":"https:\/\/skullptoys.com\/es\/wp-json\/wp\/v2\/product_tag?post=20699"}],"curies":[{"name":"wp","href":"https:\/\/api.w.org\/{rel}","templated":true}]}}