{"id":20702,"date":"2026-03-03T21:17:39","date_gmt":"2026-03-04T03:17:39","guid":{"rendered":"https:\/\/skullptoys.com\/?post_type=product&#038;p=20702"},"modified":"2026-03-03T22:00:34","modified_gmt":"2026-03-04T04:00:34","slug":"bandai-hobby-hguc-1-144-hyaku-shiki","status":"publish","type":"product","link":"https:\/\/skullptoys.com\/es\/tienda\/bandai-hobby-hguc-1-144-hyaku-shiki\/","title":{"rendered":"Bandai Hobby        HGUC 1\/144 HYAKU-SHIKI"},"content":{"rendered":"<p>Desde Mobile Suit Zeta Gundam, llega el elegante y poderoso Hyaku-Shiki, pilotado por Char Aznable (bajo la identidad de Quattro Bajeena), ahora en la l\u00ednea High Grade Universal Century (HGUC) de Bandai.<\/p>\n<p>Reconocido por su distintivo acabado dorado y su dise\u00f1o estilizado, el Hyaku-Shiki es uno de los mobile suits m\u00e1s populares del Universal Century. Esta versi\u00f3n HGUC ofrece proporciones modernas, buena movilidad y una destacada separaci\u00f3n de color que resalta su caracter\u00edstica armadura dorada.<\/p>\n<p>El kit incluye:<\/p>\n<p>Excelente rango de articulaci\u00f3n<\/p>\n<p>Beam Rifle<\/p>\n<p>Beam Sabers<\/p>\n<p>Clay Bazooka<\/p>\n<p>Stickers para detalles adicionales<\/p>\n<p>Gracias a su presencia imponente y acabado brillante, es una pieza esencial para cualquier colecci\u00f3n Gunpla del Universal Century.<\/p>","protected":false},"excerpt":{"rendered":"<p>Model kit HGUC 1\/144 Hyaku-Shiki, el ic\u00f3nico mobile suit dorado del Universal Century con acabado brillante y excelente articulaci\u00f3n.<\/p>","protected":false},"featured_media":20606,"template":"","meta":[],"product_brand":[131],"product_cat":[247,269],"product_tag":[270],"class_list":{"0":"post-20702","1":"product","2":"type-product","3":"status-publish","4":"has-post-thumbnail","6":"product_brand-bandai-hobby","7":"product_cat-hg","8":"product_cat-suit-zeta-gundam","9":"product_tag-hyaku-shiki","11":"first","12":"instock","13":"featured","14":"shipping-taxable","15":"purchasable","16":"product-type-simple"},"_links":{"self":[{"href":"https:\/\/skullptoys.com\/es\/wp-json\/wp\/v2\/product\/20702","targetHints":{"allow":["GET"]}}],"collection":[{"href":"https:\/\/skullptoys.com\/es\/wp-json\/wp\/v2\/product"}],"about":[{"href":"https:\/\/skullptoys.com\/es\/wp-json\/wp\/v2\/types\/product"}],"version-history":[{"count":1,"href":"https:\/\/skullptoys.com\/es\/wp-json\/wp\/v2\/product\/20702\/revisions"}],"predecessor-version":[{"id":20732,"href":"https:\/\/skullptoys.com\/es\/wp-json\/wp\/v2\/product\/20702\/revisions\/20732"}],"wp:featuredmedia":[{"embeddable":true,"href":"https:\/\/skullptoys.com\/es\/wp-json\/wp\/v2\/media\/20606"}],"wp:attachment":[{"href":"https:\/\/skullptoys.com\/es\/wp-json\/wp\/v2\/media?parent=20702"}],"wp:term":[{"taxonomy":"product_brand","embeddable":true,"href":"https:\/\/skullptoys.com\/es\/wp-json\/wp\/v2\/product_brand?post=20702"},{"taxonomy":"product_cat","embeddable":true,"href":"https:\/\/skullptoys.com\/es\/wp-json\/wp\/v2\/product_cat?post=20702"},{"taxonomy":"product_tag","embeddable":true,"href":"https:\/\/skullptoys.com\/es\/wp-json\/wp\/v2\/product_tag?post=20702"}],"curies":[{"name":"wp","href":"https:\/\/api.w.org\/{rel}","templated":true}]}}