{"id":20707,"date":"2026-03-03T21:17:48","date_gmt":"2026-03-04T03:17:48","guid":{"rendered":"https:\/\/skullptoys.com\/?post_type=product&#038;p=20707"},"modified":"2026-03-03T22:08:18","modified_gmt":"2026-03-04T04:08:18","slug":"bandai-hobby-mg-1-100-rick-dias","status":"publish","type":"product","link":"https:\/\/skullptoys.com\/es\/tienda\/bandai-hobby-mg-1-100-rick-dias\/","title":{"rendered":"Bandai Hobby        MG 1\/100 RICK DIAS"},"content":{"rendered":"<p>Desde Mobile Suit Zeta Gundam, llega el imponente Rick Dias, una de las primeras unidades utilizadas por la AEUG en su lucha contra los Titans, ahora en la prestigiosa l\u00ednea Master Grade (MG) 1\/100 de Bandai.<\/p>\n<p>Con su distintivo dise\u00f1o robusto y su caracter\u00edstico esquema de color rojo (versi\u00f3n AEUG), el Rick Dias destaca por su apariencia pesada y su avanzada tecnolog\u00eda para la \u00e9poca dentro del Universal Century.<\/p>\n<p>Esta versi\u00f3n MG ofrece:<\/p>\n<p>Estructura interna detallada (inner frame)<\/p>\n<p>Excelente separaci\u00f3n de color<\/p>\n<p>Alta articulaci\u00f3n para poses din\u00e1micas<\/p>\n<p>Cabina abatible con figura piloto a escala<\/p>\n<p>Gran nivel de detalle mec\u00e1nico<\/p>\n<p>El resultado es un Gunpla s\u00f3lido, con presencia imponente y gran fidelidad al dise\u00f1o original del anime.<\/p>","protected":false},"excerpt":{"rendered":"<p>Model kit MG 1\/100 Rick Dias, el ic\u00f3nico mobile suit de la AEUG del Universal Century con estructura interna detallada y gran nivel de acabado.<\/p>","protected":false},"featured_media":20663,"template":"","meta":[],"product_brand":[131],"product_cat":[261,277],"product_tag":[278],"class_list":{"0":"post-20707","1":"product","2":"type-product","3":"status-publish","4":"has-post-thumbnail","6":"product_brand-bandai-hobby","7":"product_cat-mg","8":"product_cat-mobile-suit-zeta-gundam","9":"product_tag-rick-dias","11":"first","12":"instock","13":"featured","14":"shipping-taxable","15":"purchasable","16":"product-type-simple"},"_links":{"self":[{"href":"https:\/\/skullptoys.com\/es\/wp-json\/wp\/v2\/product\/20707","targetHints":{"allow":["GET"]}}],"collection":[{"href":"https:\/\/skullptoys.com\/es\/wp-json\/wp\/v2\/product"}],"about":[{"href":"https:\/\/skullptoys.com\/es\/wp-json\/wp\/v2\/types\/product"}],"version-history":[{"count":1,"href":"https:\/\/skullptoys.com\/es\/wp-json\/wp\/v2\/product\/20707\/revisions"}],"predecessor-version":[{"id":20737,"href":"https:\/\/skullptoys.com\/es\/wp-json\/wp\/v2\/product\/20707\/revisions\/20737"}],"wp:featuredmedia":[{"embeddable":true,"href":"https:\/\/skullptoys.com\/es\/wp-json\/wp\/v2\/media\/20663"}],"wp:attachment":[{"href":"https:\/\/skullptoys.com\/es\/wp-json\/wp\/v2\/media?parent=20707"}],"wp:term":[{"taxonomy":"product_brand","embeddable":true,"href":"https:\/\/skullptoys.com\/es\/wp-json\/wp\/v2\/product_brand?post=20707"},{"taxonomy":"product_cat","embeddable":true,"href":"https:\/\/skullptoys.com\/es\/wp-json\/wp\/v2\/product_cat?post=20707"},{"taxonomy":"product_tag","embeddable":true,"href":"https:\/\/skullptoys.com\/es\/wp-json\/wp\/v2\/product_tag?post=20707"}],"curies":[{"name":"wp","href":"https:\/\/api.w.org\/{rel}","templated":true}]}}