{"id":20748,"date":"2026-03-03T21:18:17","date_gmt":"2026-03-04T03:18:17","guid":{"rendered":"https:\/\/skullptoys.com\/?post_type=product&#038;p=20748"},"modified":"2026-03-03T22:00:30","modified_gmt":"2026-03-04T04:00:30","slug":"luffys-archive-of-adventure-vol-2","status":"publish","type":"product","link":"https:\/\/skullptoys.com\/es\/tienda\/luffys-archive-of-adventure-vol-2\/","title":{"rendered":"LUFFY&#8217;s Archive of Adventure [Vol.2]"},"content":{"rendered":"<p>Inspirada en el exitoso anime One Piece, esta figura presenta a Monkey D. Luffy en una pose din\u00e1mica que captura su esp\u00edritu aventurero y determinaci\u00f3n inquebrantable.<\/p>\n<p>La l\u00ednea Luffy\u2019s Archive of Adventure celebra momentos memorables del viaje del futuro Rey de los Piratas, con un esculpido detallado y una base tem\u00e1tica que complementa la escena representada en esta segunda entrega.<\/p>","protected":false},"excerpt":{"rendered":"<p>Figura coleccionable Luffy\u2019s Archive of Adventure Vol.2, recreando una escena ic\u00f3nica del capit\u00e1n de los Sombrero de Paja.Cajas sorpresa<\/p>","protected":false},"featured_media":20647,"template":"","meta":[],"product_brand":[300,301],"product_cat":[298,238],"product_tag":[299],"class_list":{"0":"post-20748","1":"product","2":"type-product","3":"status-publish","4":"has-post-thumbnail","6":"product_brand-archive-of-adventure","7":"product_brand-preventa","8":"product_cat-archive-of-adventure","9":"product_cat-preventa","10":"product_tag-luffi","12":"first","13":"instock","14":"featured","15":"shipping-taxable","16":"purchasable","17":"product-type-simple"},"_links":{"self":[{"href":"https:\/\/skullptoys.com\/es\/wp-json\/wp\/v2\/product\/20748","targetHints":{"allow":["GET"]}}],"collection":[{"href":"https:\/\/skullptoys.com\/es\/wp-json\/wp\/v2\/product"}],"about":[{"href":"https:\/\/skullptoys.com\/es\/wp-json\/wp\/v2\/types\/product"}],"version-history":[{"count":1,"href":"https:\/\/skullptoys.com\/es\/wp-json\/wp\/v2\/product\/20748\/revisions"}],"predecessor-version":[{"id":20757,"href":"https:\/\/skullptoys.com\/es\/wp-json\/wp\/v2\/product\/20748\/revisions\/20757"}],"wp:featuredmedia":[{"embeddable":true,"href":"https:\/\/skullptoys.com\/es\/wp-json\/wp\/v2\/media\/20647"}],"wp:attachment":[{"href":"https:\/\/skullptoys.com\/es\/wp-json\/wp\/v2\/media?parent=20748"}],"wp:term":[{"taxonomy":"product_brand","embeddable":true,"href":"https:\/\/skullptoys.com\/es\/wp-json\/wp\/v2\/product_brand?post=20748"},{"taxonomy":"product_cat","embeddable":true,"href":"https:\/\/skullptoys.com\/es\/wp-json\/wp\/v2\/product_cat?post=20748"},{"taxonomy":"product_tag","embeddable":true,"href":"https:\/\/skullptoys.com\/es\/wp-json\/wp\/v2\/product_tag?post=20748"}],"curies":[{"name":"wp","href":"https:\/\/api.w.org\/{rel}","templated":true}]}}