{"id":20750,"date":"2026-03-03T21:18:21","date_gmt":"2026-03-04T03:18:21","guid":{"rendered":"https:\/\/skullptoys.com\/?post_type=product&#038;p=20750"},"modified":"2026-03-03T22:00:31","modified_gmt":"2026-03-04T04:00:31","slug":"s-h-figuarts-the-great-elder","status":"publish","type":"product","link":"https:\/\/skullptoys.com\/es\/tienda\/s-h-figuarts-the-great-elder\/","title":{"rendered":"S.H.Figuarts THE GREAT ELDER"},"content":{"rendered":"<p>Desde el universo de Dragon Ball Z, llega The Great Elder (Gran Patriarca de Namek), en la reconocida l\u00ednea S.H.Figuarts de Bandai.<\/p>\n<p>Esta figura recrea fielmente al sabio l\u00edder namekiano que desbloque\u00f3 el potencial oculto de varios guerreros durante la saga de Freezer. Presenta un esculpido detallado que captura su complexi\u00f3n robusta, expresi\u00f3n serena y atuendo caracter\u00edstico.<\/p>\n<p>Caracter\u00edsticas destacadas:<\/p>\n<p>Excelente nivel de detalle en rostro y vestimenta<\/p>\n<p>Articulaci\u00f3n dise\u00f1ada para poses naturales sentado<\/p>\n<p>Accesorios intercambiables (seg\u00fan versi\u00f3n)<\/p>\n<p>Acabados premium caracter\u00edsticos de la l\u00ednea S.H.Figuarts<\/p>\n<p>Ideal para recrear escenas ic\u00f3nicas junto a personajes de la saga de Namek y complementar tu colecci\u00f3n de Dragon Ball.<\/p>","protected":false},"excerpt":{"rendered":"<p>Figura articulada S.H.Figuarts The Great Elder, con gran nivel de detalle y acabado premium.<\/p>","protected":false},"featured_media":20642,"template":"","meta":[],"product_brand":[113],"product_cat":[137,238],"product_tag":[305],"class_list":{"0":"post-20750","1":"product","2":"type-product","3":"status-publish","4":"has-post-thumbnail","6":"product_brand-s-h-figuarts","7":"product_cat-dragon-ball","8":"product_cat-preventa","9":"product_tag-the-great-elder","11":"first","12":"instock","13":"featured","14":"shipping-taxable","15":"purchasable","16":"product-type-simple"},"_links":{"self":[{"href":"https:\/\/skullptoys.com\/es\/wp-json\/wp\/v2\/product\/20750","targetHints":{"allow":["GET"]}}],"collection":[{"href":"https:\/\/skullptoys.com\/es\/wp-json\/wp\/v2\/product"}],"about":[{"href":"https:\/\/skullptoys.com\/es\/wp-json\/wp\/v2\/types\/product"}],"version-history":[{"count":1,"href":"https:\/\/skullptoys.com\/es\/wp-json\/wp\/v2\/product\/20750\/revisions"}],"predecessor-version":[{"id":20759,"href":"https:\/\/skullptoys.com\/es\/wp-json\/wp\/v2\/product\/20750\/revisions\/20759"}],"wp:featuredmedia":[{"embeddable":true,"href":"https:\/\/skullptoys.com\/es\/wp-json\/wp\/v2\/media\/20642"}],"wp:attachment":[{"href":"https:\/\/skullptoys.com\/es\/wp-json\/wp\/v2\/media?parent=20750"}],"wp:term":[{"taxonomy":"product_brand","embeddable":true,"href":"https:\/\/skullptoys.com\/es\/wp-json\/wp\/v2\/product_brand?post=20750"},{"taxonomy":"product_cat","embeddable":true,"href":"https:\/\/skullptoys.com\/es\/wp-json\/wp\/v2\/product_cat?post=20750"},{"taxonomy":"product_tag","embeddable":true,"href":"https:\/\/skullptoys.com\/es\/wp-json\/wp\/v2\/product_tag?post=20750"}],"curies":[{"name":"wp","href":"https:\/\/api.w.org\/{rel}","templated":true}]}}