{"id":20752,"date":"2026-03-03T21:18:23","date_gmt":"2026-03-04T03:18:23","guid":{"rendered":"https:\/\/skullptoys.com\/?post_type=product&#038;p=20752"},"modified":"2026-03-03T21:30:18","modified_gmt":"2026-03-04T03:30:18","slug":"s-h-monsterarts-godzilla-2016-the-fourth-awakning-ver-shin","status":"publish","type":"product","link":"https:\/\/skullptoys.com\/es\/tienda\/s-h-monsterarts-godzilla-2016-the-fourth-awakning-ver-shin\/","title":{"rendered":"S.H.MonsterArts GODZILLA [2016] The Fourth Awakning Ver.SHIN"},"content":{"rendered":"<p>Directamente de la pel\u00edcula Shin Godzilla, llega la imponente versi\u00f3n The Fourth Awakening de Godzilla, dentro de la prestigiosa l\u00ednea S.H.MonsterArts de Bandai.<\/p>\n<p>Esta edici\u00f3n recrea la cuarta forma evolutiva vista en la pel\u00edcula, mostrando el dise\u00f1o m\u00e1s aterrador y detallado del Rey de los Monstruos. El esculpido resalta su textura org\u00e1nica, piel irregular y la ic\u00f3nica cola extendida, mientras que la pintura enfatiza los tonos oscuros con matices rojizos que evocan la energ\u00eda interna del monstruo.<\/p>\n<p>Caracter\u00edsticas destacadas:<\/p>\n<p>Alto nivel de detalle fiel al dise\u00f1o cinematogr\u00e1fico<\/p>\n<p>Amplia articulaci\u00f3n para poses din\u00e1micas<\/p>\n<p>Cola segmentada totalmente articulada<\/p>\n<p>Acabado premium con pintura sombreada<\/p>\n<p>Gran presencia en exhibici\u00f3n<\/p>\n<p>Una pieza imprescindible para coleccionistas de kaiju y fans de Shin Godzilla.<\/p>","protected":false},"excerpt":{"rendered":"<p>Figura articulada S.H.MonsterArts Godzilla (2016) The Fourth Awakening Ver., con esculpido detallado y acabado cinematogr\u00e1fico.<\/p>","protected":false},"featured_media":20635,"template":"","meta":[],"product_brand":[115],"product_cat":[238,307],"product_tag":[148],"class_list":{"0":"post-20752","1":"product","2":"type-product","3":"status-publish","4":"has-post-thumbnail","6":"product_brand-s-h-monsterarts","7":"product_cat-preventa","8":"product_cat-the-fourth-awakning","9":"product_tag-godzilla","11":"first","12":"instock","13":"featured","14":"shipping-taxable","15":"purchasable","16":"product-type-simple"},"_links":{"self":[{"href":"https:\/\/skullptoys.com\/es\/wp-json\/wp\/v2\/product\/20752","targetHints":{"allow":["GET"]}}],"collection":[{"href":"https:\/\/skullptoys.com\/es\/wp-json\/wp\/v2\/product"}],"about":[{"href":"https:\/\/skullptoys.com\/es\/wp-json\/wp\/v2\/types\/product"}],"version-history":[{"count":1,"href":"https:\/\/skullptoys.com\/es\/wp-json\/wp\/v2\/product\/20752\/revisions"}],"predecessor-version":[{"id":20761,"href":"https:\/\/skullptoys.com\/es\/wp-json\/wp\/v2\/product\/20752\/revisions\/20761"}],"wp:featuredmedia":[{"embeddable":true,"href":"https:\/\/skullptoys.com\/es\/wp-json\/wp\/v2\/media\/20635"}],"wp:attachment":[{"href":"https:\/\/skullptoys.com\/es\/wp-json\/wp\/v2\/media?parent=20752"}],"wp:term":[{"taxonomy":"product_brand","embeddable":true,"href":"https:\/\/skullptoys.com\/es\/wp-json\/wp\/v2\/product_brand?post=20752"},{"taxonomy":"product_cat","embeddable":true,"href":"https:\/\/skullptoys.com\/es\/wp-json\/wp\/v2\/product_cat?post=20752"},{"taxonomy":"product_tag","embeddable":true,"href":"https:\/\/skullptoys.com\/es\/wp-json\/wp\/v2\/product_tag?post=20752"}],"curies":[{"name":"wp","href":"https:\/\/api.w.org\/{rel}","templated":true}]}}